{"id":27797,"date":"2023-02-21T15:51:01","date_gmt":"2023-02-21T14:51:01","guid":{"rendered":"http:\/\/wydzialy.uksw.edu.pl\/wpia\/structure-of-the-faculty\/the-law-and-administration-faculty\/department-of-administrative-procedure\/"},"modified":"2023-02-21T16:13:12","modified_gmt":"2023-02-21T15:13:12","slug":"department-of-administrative-procedure","status":"publish","type":"page","link":"https:\/\/wpia.uksw.edu.pl\/en\/structure-of-the-faculty\/the-law-and-administration-faculty\/department-of-administrative-procedure\/","title":{"rendered":"Department of Administrative Procedure"},"content":{"rendered":"\n<h2 class=\"wp-block-heading\">About the department<\/h2>\n\n\n\n<p><strong>Department of Administrative Proceedings<\/strong><\/p>\n\n\n\n<p>The Department specializes in widely understood administrative procedural law, including general administrative proceedings as well as administrative enforcement proceedings and proceedings before administrative courts.<\/p>\n\n\n\n<p><br>Faculty:<\/p>\n\n\n\n<p><strong>Ma\u0142gorzata Ja\u015bkowska, PhD, Professor at The Cardinal Stefan Wyszy\u0144ski University (UKSW) in Warsaw<\/strong><\/p>\n\n\n\n<p>Martyna Wilbrandt-Gotowicz, PhD, Professor UKSW; Jacek Jaworski, PhD, Assistant Professor; Konrad \u0141uczak, PhD, Assistant Professor.<\/p>\n\n\n\n<p><strong>Research Issues:<\/strong><\/p>\n\n\n\n<p>&#8211; access to public information and implementation of IT solutions as regards activities of the administrative bodies,<\/p>\n\n\n\n<p>&#8211; administrative discretion,<\/p>\n\n\n\n<p>&#8211; application of European law by administrative bodies and administrative courts,<\/p>\n\n\n\n<p>&#8211; divergences in administrative court judicature,<\/p>\n\n\n\n<p>&#8211; connections between general and special administrative procedures,<\/p>\n\n\n\n<p>&#8211; investment process in real estate, including construction process and land development,<\/p>\n\n\n\n<p>&#8211; business activity regulation, including regulated professions.<\/p>\n","protected":false},"excerpt":{"rendered":"<p>About the department Department of Administrative Proceedings The Department specializes in widely understood administrative procedural law, including general administrative proceedings as well as administrative enforcement proceedings and proceedings before administrative courts. Faculty: Ma\u0142gorzata Ja\u015bkowska, PhD, Professor at The Cardinal Stefan Wyszy\u0144ski University (UKSW) in Warsaw Martyna Wilbrandt-Gotowicz, PhD, Professor UKSW; Jacek Jaworski, PhD, Assistant Professor; [&hellip;]<\/p>\n","protected":false},"author":20,"featured_media":0,"parent":27772,"menu_order":448,"comment_status":"closed","ping_status":"closed","template":"page-templates\/template-sub-page.php","meta":{"_acf_changed":false,"inline_featured_image":false,"footnotes":"","_links_to":"","_links_to_target":""},"class_list":["post-27797","page","type-page","status-publish","hentry"],"acf":[],"_links":{"self":[{"href":"https:\/\/wpia.uksw.edu.pl\/en\/wp-json\/wp\/v2\/pages\/27797","targetHints":{"allow":["GET"]}}],"collection":[{"href":"https:\/\/wpia.uksw.edu.pl\/en\/wp-json\/wp\/v2\/pages"}],"about":[{"href":"https:\/\/wpia.uksw.edu.pl\/en\/wp-json\/wp\/v2\/types\/page"}],"author":[{"embeddable":true,"href":"https:\/\/wpia.uksw.edu.pl\/en\/wp-json\/wp\/v2\/users\/20"}],"replies":[{"embeddable":true,"href":"https:\/\/wpia.uksw.edu.pl\/en\/wp-json\/wp\/v2\/comments?post=27797"}],"version-history":[{"count":1,"href":"https:\/\/wpia.uksw.edu.pl\/en\/wp-json\/wp\/v2\/pages\/27797\/revisions"}],"predecessor-version":[{"id":27842,"href":"https:\/\/wpia.uksw.edu.pl\/en\/wp-json\/wp\/v2\/pages\/27797\/revisions\/27842"}],"up":[{"embeddable":true,"href":"https:\/\/wpia.uksw.edu.pl\/en\/wp-json\/wp\/v2\/pages\/27772"}],"wp:attachment":[{"href":"https:\/\/wpia.uksw.edu.pl\/en\/wp-json\/wp\/v2\/media?parent=27797"}],"curies":[{"name":"wp","href":"https:\/\/api.w.org\/{rel}","templated":true}]}}