{"id":27798,"date":"2023-02-21T15:51:01","date_gmt":"2023-02-21T14:51:01","guid":{"rendered":"http:\/\/wydzialy.uksw.edu.pl\/wpia\/structure-of-the-faculty\/the-law-and-administration-faculty\/department-of-civil-procedure\/"},"modified":"2023-02-21T16:13:48","modified_gmt":"2023-02-21T15:13:48","slug":"department-of-civil-procedure","status":"publish","type":"page","link":"https:\/\/wpia.uksw.edu.pl\/en\/structure-of-the-faculty\/the-law-and-administration-faculty\/department-of-civil-procedure\/","title":{"rendered":"Department of Civil Procedure"},"content":{"rendered":"\n<h2 class=\"wp-block-heading\">About the department<\/h2>\n\n\n\n<p><strong>Department of Civil Procedure<\/strong>&nbsp;(Faculty of Law and Administraction, Cardinal Stefan Wyszynski University in Warsaw) conducts research in the field of, broadly understood, Polish civil proceedings. Research interests include selected issues&nbsp;arising from the Polish Code of Civil Proceedings&nbsp;and other legal acts regulating&nbsp;and\/or&nbsp;having influence on&nbsp;proceedings in civil cases (both: national and international legislation), including arbitration and mediation,&nbsp;as well as selected issues of substantive law being subject matter of civil proceedings.<\/p>\n\n\n\n<p>Department of Civil Proceedings is looking forward to establishing cooperation\u00a0with universities, departments, institutions and organisations outside Poland in the field of civil proceedings.<\/p>\n\n\n\n<p><strong>Team and structure:<\/strong><\/p>\n\n\n\n<figure class=\"wp-block-table\"><table><tbody><tr><td>Head of the Department to I.2020: Grzegorz J\u0119drejek, PHD, Professor at&nbsp;Cardinal Stefan Wyszynski University in Warsaw&nbsp;<\/td><\/tr><\/tbody><\/table><\/figure>\n\n\n\n<p><strong>Acting Head of the Department:<\/strong><\/p>\n\n\n\n<p><strong>Marcin Bia\u0142ecki<\/strong>, PHD, Assistant Professor<\/p>\n\n\n\n<p>ORCID:&nbsp;0000-0003-2894-3775&nbsp; &nbsp; &nbsp; &nbsp; &nbsp; &nbsp;e-mail: m.bialecki@uksw.edu.pl<\/p>\n\n\n\n<p><strong>Assistant Professor:<\/strong><\/p>\n\n\n\n<p><strong>S\u0142awomira Kotas-Turoboyska<\/strong>, PHD,&nbsp;Assistant Professor<\/p>\n\n\n\n<p>ORCID:&nbsp;0000-0002-6192-3955&nbsp; &nbsp; &nbsp; &nbsp; &nbsp;e-mail: s.kotas-turoboyska<a href=\"mailto:m.bialecki@uksw.edu.pl\">@uksw.edu.pl<\/a><\/p>\n\n\n\n<p><strong>Filip Manikowski<\/strong>, PHD, Assistant Professor<\/p>\n\n\n\n<p>ORCID:&nbsp;0000-0001-6859-9230&nbsp; &nbsp; &nbsp; &nbsp; &nbsp;e-mail:&nbsp;f.manikowski@uksw.edu.pl<\/p>\n\n\n\n<p><strong>Assistant:&nbsp;<\/strong><\/p>\n\n\n\n<p><strong>El\u017cbieta Szczepanowska<\/strong>, MA&nbsp;&nbsp;<\/p>\n\n\n\n<p>ORCID:&nbsp;0000-0001-5041-1818&nbsp; &nbsp; &nbsp; &nbsp;&nbsp;e-mail: e.szczepanowska<a href=\"mailto:m.bialecki@uksw.edu.pl\">@uksw.edu.pl<\/a><\/p>\n\n\n\n<p><strong>Contact:<\/strong><\/p>\n\n\n\n<p>Katedra Post\u0119powania Cywilnego (Department of Civil Procedure)<br>Wydzia\u0142 Prawa i Administracji (Faculty of Law and Administration)<br>Uniwersytet Kardyna\u0142a Stefana Wyszy\u0144skiego w Warszawie (Cardinal Stefan Wyszynski Univeristy in Warsaw)<br>ul. W\u00f3ycickiego 1\/3, budynek 17 (Woycickiego 1\/3, building no.17)<br>01-938 Warszawa (Warsaw 01-938)<\/p>\n\n\n\n<p>room no. 1772 &#8211;&nbsp;Marcin Bia\u0142ecki, PHD;&nbsp;S\u0142awomira Kotas, PHD;&nbsp;Filip Manikowski, PHD;&nbsp;El\u017cbieta Szczepanowska, MA<\/p>\n\n\n\n<p>e-mail: e.szczepanowska@uksw.edu.pl&nbsp;(Secretary of the Department)<\/p>\n\n\n\n<p><strong>Deatails regarding consultations and direct contact to our team members<\/strong>&nbsp;are to be found in&nbsp;bookmark &#8220;Konsultacje&#8221; (O Wydziale &#8211;&gt; Struktura Wydzia\u0142u &#8211;&gt; Katedry &#8211;&gt; Katedra Post\u0119powania Cywilnego &#8211;&gt; Konsultacje).<\/p>\n","protected":false},"excerpt":{"rendered":"<p>About the department Department of Civil Procedure&nbsp;(Faculty of Law and Administraction, Cardinal Stefan Wyszynski University in Warsaw) conducts research in the field of, broadly understood, Polish civil proceedings. Research interests include selected issues&nbsp;arising from the Polish Code of Civil Proceedings&nbsp;and other legal acts regulating&nbsp;and\/or&nbsp;having influence on&nbsp;proceedings in civil cases (both: national and international legislation), including [&hellip;]<\/p>\n","protected":false},"author":20,"featured_media":0,"parent":27772,"menu_order":449,"comment_status":"closed","ping_status":"closed","template":"page-templates\/template-sub-page.php","meta":{"_acf_changed":false,"inline_featured_image":false,"footnotes":"","_links_to":"","_links_to_target":""},"class_list":["post-27798","page","type-page","status-publish","hentry"],"acf":[],"_links":{"self":[{"href":"https:\/\/wpia.uksw.edu.pl\/en\/wp-json\/wp\/v2\/pages\/27798","targetHints":{"allow":["GET"]}}],"collection":[{"href":"https:\/\/wpia.uksw.edu.pl\/en\/wp-json\/wp\/v2\/pages"}],"about":[{"href":"https:\/\/wpia.uksw.edu.pl\/en\/wp-json\/wp\/v2\/types\/page"}],"author":[{"embeddable":true,"href":"https:\/\/wpia.uksw.edu.pl\/en\/wp-json\/wp\/v2\/users\/20"}],"replies":[{"embeddable":true,"href":"https:\/\/wpia.uksw.edu.pl\/en\/wp-json\/wp\/v2\/comments?post=27798"}],"version-history":[{"count":1,"href":"https:\/\/wpia.uksw.edu.pl\/en\/wp-json\/wp\/v2\/pages\/27798\/revisions"}],"predecessor-version":[{"id":27843,"href":"https:\/\/wpia.uksw.edu.pl\/en\/wp-json\/wp\/v2\/pages\/27798\/revisions\/27843"}],"up":[{"embeddable":true,"href":"https:\/\/wpia.uksw.edu.pl\/en\/wp-json\/wp\/v2\/pages\/27772"}],"wp:attachment":[{"href":"https:\/\/wpia.uksw.edu.pl\/en\/wp-json\/wp\/v2\/media?parent=27798"}],"curies":[{"name":"wp","href":"https:\/\/api.w.org\/{rel}","templated":true}]}}