{"id":27804,"date":"2023-02-21T15:51:02","date_gmt":"2023-02-21T14:51:02","guid":{"rendered":"http:\/\/wydzialy.uksw.edu.pl\/wpia\/structure-of-the-faculty\/the-law-and-administration-faculty\/department-of-private-commercial-law\/"},"modified":"2023-02-21T16:15:48","modified_gmt":"2023-02-21T15:15:48","slug":"department-of-private-commercial-law","status":"publish","type":"page","link":"https:\/\/wpia.uksw.edu.pl\/en\/structure-of-the-faculty\/the-law-and-administration-faculty\/department-of-private-commercial-law\/","title":{"rendered":"Department of Private Commercial Law"},"content":{"rendered":"\n<h2 class=\"wp-block-heading\">About the department<\/h2>\n\n\n\n<p>The Chair of Commercial Law specializes in the following fields of research: company law, financial market &nbsp;law, bankruptcy law, European Union company law.<\/p>\n\n\n\n<p>Professor dr hab. Marek Michalski is a Headmaster of the Department.<\/p>\n\n\n\n<p>Members of the Department&nbsp; have professional experience because they are acting as advocates, barristers and &nbsp;judge.&nbsp;<\/p>\n\n\n\n<p>The employees of the Department are:<br>prof. dr hab. Marek Michalski, The Head of the Department<\/p>\n\n\n\n<p>dr hab. Beata Gessel<\/p>\n\n\n\n<p>dr Ewa Skibi\u0144ska<\/p>\n\n\n\n<p>dr Aleksandra Gawarysiak-Zab\u0142ocka<\/p>\n\n\n\n<p>dr Justyna D\u0105browska<\/p>\n\n\n\n<p>dr Maciej Hulicki<\/p>\n\n\n\n<p>dr Tomasz Szczurowski, &#8211; The Secretary of the Department<\/p>\n\n\n\n<p>dr Mariusz Stanik<\/p>\n\n\n\n<p>dr Justyna D\u0105browska<\/p>\n\n\n\n<p>dr Michal B\u0119dkowski-Kozio\u0142<\/p>\n\n\n\n<p>mgr \u0141ukasz Go\u0142\u0105b<\/p>\n\n\n\n<p>mgr Anna Trocka<\/p>\n\n\n\n<p>Contact to the Department:<br><a href=\"mailto:t_szczurowski@uksw.edu.pl\">t_szczurowski@uksw.edu.pl<\/a><\/p>\n","protected":false},"excerpt":{"rendered":"<p>About the department The Chair of Commercial Law specializes in the following fields of research: company law, financial market &nbsp;law, bankruptcy law, European Union company law. Professor dr hab. Marek Michalski is a Headmaster of the Department. Members of the Department&nbsp; have professional experience because they are acting as advocates, barristers and &nbsp;judge.&nbsp; The employees [&hellip;]<\/p>\n","protected":false},"author":20,"featured_media":0,"parent":27772,"menu_order":455,"comment_status":"closed","ping_status":"closed","template":"page-templates\/template-sub-page.php","meta":{"_acf_changed":false,"inline_featured_image":false,"footnotes":"","_links_to":"","_links_to_target":""},"class_list":["post-27804","page","type-page","status-publish","hentry"],"acf":[],"_links":{"self":[{"href":"https:\/\/wpia.uksw.edu.pl\/en\/wp-json\/wp\/v2\/pages\/27804","targetHints":{"allow":["GET"]}}],"collection":[{"href":"https:\/\/wpia.uksw.edu.pl\/en\/wp-json\/wp\/v2\/pages"}],"about":[{"href":"https:\/\/wpia.uksw.edu.pl\/en\/wp-json\/wp\/v2\/types\/page"}],"author":[{"embeddable":true,"href":"https:\/\/wpia.uksw.edu.pl\/en\/wp-json\/wp\/v2\/users\/20"}],"replies":[{"embeddable":true,"href":"https:\/\/wpia.uksw.edu.pl\/en\/wp-json\/wp\/v2\/comments?post=27804"}],"version-history":[{"count":1,"href":"https:\/\/wpia.uksw.edu.pl\/en\/wp-json\/wp\/v2\/pages\/27804\/revisions"}],"predecessor-version":[{"id":27847,"href":"https:\/\/wpia.uksw.edu.pl\/en\/wp-json\/wp\/v2\/pages\/27804\/revisions\/27847"}],"up":[{"embeddable":true,"href":"https:\/\/wpia.uksw.edu.pl\/en\/wp-json\/wp\/v2\/pages\/27772"}],"wp:attachment":[{"href":"https:\/\/wpia.uksw.edu.pl\/en\/wp-json\/wp\/v2\/media?parent=27804"}],"curies":[{"name":"wp","href":"https:\/\/api.w.org\/{rel}","templated":true}]}}