{"id":27805,"date":"2023-02-21T15:51:02","date_gmt":"2023-02-21T14:51:02","guid":{"rendered":"http:\/\/wydzialy.uksw.edu.pl\/wpia\/structure-of-the-faculty\/the-law-and-administration-faculty\/department-of-informatics-law\/"},"modified":"2023-02-21T16:17:15","modified_gmt":"2023-02-21T15:17:15","slug":"department-of-informatics-law","status":"publish","type":"page","link":"https:\/\/wpia.uksw.edu.pl\/en\/structure-of-the-faculty\/the-law-and-administration-faculty\/department-of-informatics-law\/","title":{"rendered":"Department of Informatics Law"},"content":{"rendered":"\n<h2 class=\"wp-block-heading\">ABOUT THE DEPARTMENT<\/h2>\n\n\n\n<p><strong>Department of Informatics LAW WPiA UKSW&nbsp;<\/strong>is concerned with conducting research with regard for legal and interdisciplinary aspects of information processes among economy, administration and judiciary. Main subjects of interest of Departments employees are:<\/p>\n\n\n\n<ul class=\"wp-block-list\">\n<li>protection of personal data,<\/li>\n\n\n\n<li>access to public information,<\/li>\n\n\n\n<li>classified information and other legally protected secrets,<\/li>\n\n\n\n<li>processes of implementation of IT solutions for adinisistration, judiciary and economy,<\/li>\n\n\n\n<li>electronic administration,<\/li>\n\n\n\n<li>management in administration,<\/li>\n\n\n\n<li>preparation, funding (form EU funds) and realization of european projects,<\/li>\n\n\n\n<li>teleinformation safety,<\/li>\n\n\n\n<li>legal informatics,<\/li>\n\n\n\n<li>biometrics,<\/li>\n<\/ul>\n\n\n\n<p>The Department of Informatics Law WPiA UKSW is currently conducting project:<\/p>\n\n\n\n<p>Projekt badawczo &#8211; rozwojowy pt. &#8220;Model regulacji jawno\u015bci i jej ogranicze\u0144 w demokratycznym pa\u0144stwie prawnym&#8221;. Project executed for the safety and defense of the country cofunded by the National Centre for Research and Development on the basis of contract no.DOBR\/0075\/R\/ID2\/2013\/03.<\/p>\n\n\n\n<p>Department is actively participating in the activities of faculty and university e.g.:<\/p>\n\n\n\n<ul class=\"wp-block-list\">\n<li>organization of scientific conferences (&#8220;Bezpiecze\u0144stwo w Internecie&#8221;, &#8220;Reforma ochrony prywatno\u015bci&#8221;, &#8220;Bezpiecze\u0144stwo Technologii Biometrycznych. Ochrona Danych Biometrycznych&#8221;, &#8220;Aktualne problemy dost\u0119pu do informacji publicznej&#8221;,\u00a0Dokumentacja elektroniczna w podmiotach publicznych),<\/li>\n\n\n\n<li>conducting and helping academic circle &#8220;Forum Prawa Publicznego&#8221;,<\/li>\n\n\n\n<li>conducting lectures for postgraduate students:\n<ul class=\"wp-block-list\">\n<li>Protection of Personal Data and Classified Information\u00a0 &#8211;\u00a0www.ochronadanych.uksw.edu.pl<\/li>\n\n\n\n<li>Security among the internet &#8211;\u00a0strona internetowa<\/li>\n<\/ul>\n<\/li>\n\n\n\n<li>publications,<\/li>\n\n\n\n<li>cooperation with nongovernment organizations &#8211;\u00a0NCPI,\u00a0SILGIS) and public institutions (GIODO, Human Rights Defender, NSA, ABW).<\/li>\n<\/ul>\n","protected":false},"excerpt":{"rendered":"<p>ABOUT THE DEPARTMENT Department of Informatics LAW WPiA UKSW&nbsp;is concerned with conducting research with regard for legal and interdisciplinary aspects of information processes among economy, administration and judiciary. Main subjects of interest of Departments employees are: The Department of Informatics Law WPiA UKSW is currently conducting project: Projekt badawczo &#8211; rozwojowy pt. &#8220;Model regulacji jawno\u015bci [&hellip;]<\/p>\n","protected":false},"author":20,"featured_media":0,"parent":27772,"menu_order":456,"comment_status":"closed","ping_status":"closed","template":"page-templates\/template-sub-page.php","meta":{"_acf_changed":false,"inline_featured_image":false,"footnotes":"","_links_to":"","_links_to_target":""},"class_list":["post-27805","page","type-page","status-publish","hentry"],"acf":[],"_links":{"self":[{"href":"https:\/\/wpia.uksw.edu.pl\/en\/wp-json\/wp\/v2\/pages\/27805","targetHints":{"allow":["GET"]}}],"collection":[{"href":"https:\/\/wpia.uksw.edu.pl\/en\/wp-json\/wp\/v2\/pages"}],"about":[{"href":"https:\/\/wpia.uksw.edu.pl\/en\/wp-json\/wp\/v2\/types\/page"}],"author":[{"embeddable":true,"href":"https:\/\/wpia.uksw.edu.pl\/en\/wp-json\/wp\/v2\/users\/20"}],"replies":[{"embeddable":true,"href":"https:\/\/wpia.uksw.edu.pl\/en\/wp-json\/wp\/v2\/comments?post=27805"}],"version-history":[{"count":1,"href":"https:\/\/wpia.uksw.edu.pl\/en\/wp-json\/wp\/v2\/pages\/27805\/revisions"}],"predecessor-version":[{"id":27849,"href":"https:\/\/wpia.uksw.edu.pl\/en\/wp-json\/wp\/v2\/pages\/27805\/revisions\/27849"}],"up":[{"embeddable":true,"href":"https:\/\/wpia.uksw.edu.pl\/en\/wp-json\/wp\/v2\/pages\/27772"}],"wp:attachment":[{"href":"https:\/\/wpia.uksw.edu.pl\/en\/wp-json\/wp\/v2\/media?parent=27805"}],"curies":[{"name":"wp","href":"https:\/\/api.w.org\/{rel}","templated":true}]}}