{"id":27812,"date":"2023-02-21T15:51:02","date_gmt":"2023-02-21T14:51:02","guid":{"rendered":"http:\/\/wydzialy.uksw.edu.pl\/wpia\/structure-of-the-faculty\/the-law-and-administration-faculty\/department-of-public-commercial-law\/"},"modified":"2023-02-21T16:19:49","modified_gmt":"2023-02-21T15:19:49","slug":"department-of-public-commercial-law","status":"publish","type":"page","link":"https:\/\/wpia.uksw.edu.pl\/en\/structure-of-the-faculty\/the-law-and-administration-faculty\/department-of-public-commercial-law\/","title":{"rendered":"Department of Public Commercial Law"},"content":{"rendered":"\n<h2 class=\"wp-block-heading\">About the department<\/h2>\n\n\n\n<p><strong>The Chair of Public Economic Law<\/strong>&nbsp;at the Faculty of Law and Administration at Cardinal Stefan Wyszynski University in Warsaw was established on the 1<sup>st<\/sup>&nbsp;of October 1998. The acting Head of the Chair is Mr. Dr.iur. Micha\u0142 B\u0119dkowski-Kozio\u0142, LL.M.Eur.Int.(Dresden).<\/p>\n\n\n\n<p>Currently there are&nbsp;3 persons employed in the Chair of Public Economic Law: one person as an assistant professor (<strong>Mr. Dr.iur. Micha\u0142 B\u0119dkowski-Kozio\u0142<\/strong>, LL.M.Eur.Int.(Dresden)), and two persons as assistants (<strong>Mr. \u0141ukasz Go\u0142\u0105b<\/strong>, and&nbsp;<strong>Ms. Anna Trocka, Attory-at-law<\/strong>). Associate of the Chair is also&nbsp;<strong>Ms. Monika Floria\u0144czyk-Kardas&nbsp;<\/strong>and<strong>&nbsp;Ms. Anna Hornowska<\/strong>.<\/p>\n\n\n\n<p>The Chair conducts research and specializes in the following fields: general issues of public economic law, the law of economic activity (business conduct law), the legal status of public undertakings, competition and antitrust law, state aid law, public procurement law and the law regulating infrastructure sectors with particular emphasis on the energy sector (including regulations on the renewable energy sources) and the rail transport sector.<\/p>\n\n\n\n<p><strong>The secretary of the Chair is Mr. \u0141ukasz Go\u0142\u0105b<\/strong>&nbsp;? contact via e-mail:&nbsp;<a href=\"mailto:l.golab@uksw.edu.pl\">l.golab@uksw.edu.pl<\/a><\/p>\n","protected":false},"excerpt":{"rendered":"<p>About the department The Chair of Public Economic Law&nbsp;at the Faculty of Law and Administration at Cardinal Stefan Wyszynski University in Warsaw was established on the 1st&nbsp;of October 1998. The acting Head of the Chair is Mr. Dr.iur. Micha\u0142 B\u0119dkowski-Kozio\u0142, LL.M.Eur.Int.(Dresden). Currently there are&nbsp;3 persons employed in the Chair of Public Economic Law: one person [&hellip;]<\/p>\n","protected":false},"author":20,"featured_media":0,"parent":27772,"menu_order":463,"comment_status":"closed","ping_status":"closed","template":"page-templates\/template-sub-page.php","meta":{"_acf_changed":false,"inline_featured_image":false,"footnotes":"","_links_to":"","_links_to_target":""},"class_list":["post-27812","page","type-page","status-publish","hentry"],"acf":[],"_links":{"self":[{"href":"https:\/\/wpia.uksw.edu.pl\/en\/wp-json\/wp\/v2\/pages\/27812","targetHints":{"allow":["GET"]}}],"collection":[{"href":"https:\/\/wpia.uksw.edu.pl\/en\/wp-json\/wp\/v2\/pages"}],"about":[{"href":"https:\/\/wpia.uksw.edu.pl\/en\/wp-json\/wp\/v2\/types\/page"}],"author":[{"embeddable":true,"href":"https:\/\/wpia.uksw.edu.pl\/en\/wp-json\/wp\/v2\/users\/20"}],"replies":[{"embeddable":true,"href":"https:\/\/wpia.uksw.edu.pl\/en\/wp-json\/wp\/v2\/comments?post=27812"}],"version-history":[{"count":1,"href":"https:\/\/wpia.uksw.edu.pl\/en\/wp-json\/wp\/v2\/pages\/27812\/revisions"}],"predecessor-version":[{"id":27857,"href":"https:\/\/wpia.uksw.edu.pl\/en\/wp-json\/wp\/v2\/pages\/27812\/revisions\/27857"}],"up":[{"embeddable":true,"href":"https:\/\/wpia.uksw.edu.pl\/en\/wp-json\/wp\/v2\/pages\/27772"}],"wp:attachment":[{"href":"https:\/\/wpia.uksw.edu.pl\/en\/wp-json\/wp\/v2\/media?parent=27812"}],"curies":[{"name":"wp","href":"https:\/\/api.w.org\/{rel}","templated":true}]}}