{"id":27815,"date":"2023-02-21T15:51:02","date_gmt":"2023-02-21T14:51:02","guid":{"rendered":"http:\/\/wydzialy.uksw.edu.pl\/wpia\/structure-of-the-faculty\/institute-of-international-law-european-union-and-international-relations\/department-of-european-studies\/"},"modified":"2023-02-21T16:03:47","modified_gmt":"2023-02-21T15:03:47","slug":"department-of-european-studies","status":"publish","type":"page","link":"https:\/\/wpia.uksw.edu.pl\/en\/structure-of-the-faculty\/institute-of-international-law-european-union-and-international-relations\/department-of-european-studies\/","title":{"rendered":"Department of European Studies"},"content":{"rendered":"\n<p><strong>The European Chair&nbsp;<\/strong><\/p>\n\n\n\n<p><strong>Dr hab. Stanis\u0142aw Konopacki, prof. UKSW<\/strong><\/p>\n\n\n\n<p>Jean Monnet Chair at the University of \u0141\u00f3d\u017a. Author of many books on:&nbsp;<em>Poland in a Drifting Europe<\/em>,&nbsp;<em>The End of Europe<\/em>,&nbsp;<em>Union Citizenship in the Context of Poland&#8217;s Accession to the EU<\/em>, and&nbsp;<em>European Integration and Postmodernism<\/em>. He is also the coauthor of&nbsp;<em>Changing Europe<\/em>and<em>&nbsp;National and Ethnic Identity in the European Context<\/em>&nbsp;and the editor of<em>Polish Presidency in the Council of European Union<\/em>&nbsp;and&nbsp;<em>Poland&#8217;s Five Years in the EU<\/em>.<\/p>\n\n\n\n<p>Member of the Polish European Community Studies Association (PECSA); the University Association for Contemporary European Studies (UACES); the International Political Studies Association (IPSA) and the European Union Studies Association, USA (EUSA).<\/p>\n\n\n\n<p><strong><u>Subject:<\/u><\/strong><\/p>\n\n\n\n<ul class=\"wp-block-list\">\n<li>Historia integracji europejskiej<\/li>\n\n\n\n<li>European integration in XX &amp; XXI century<\/li>\n\n\n\n<li>System instytucjonalny UE<\/li>\n<\/ul>\n\n\n\n<p><strong><u>Research areas:<\/u><\/strong><\/p>\n\n\n\n<ul class=\"wp-block-list\">\n<li>Unia Europejska i jej instytucje<\/li>\n\n\n\n<li>Procesy integracyjne w Europie w XX wieku<\/li>\n\n\n\n<li>Kryzys Unii Europejskiej<\/li>\n<\/ul>\n\n\n\n<p><strong><u>Books:&nbsp;<\/u><\/strong><\/p>\n\n\n\n<ul class=\"wp-block-list\">\n<li>Europe in the Time of Crisis, Jagiellonian University Press, Cracow 2015;<\/li>\n\n\n\n<li><em>Polska ? Pi\u0119\u0107 lat w Unii Europejskiej (red.)<\/em>, \u0141\u00f3d\u017a, 2009&nbsp;<\/li>\n\n\n\n<li><em>Koniec Europy. Czy Unia Europejska jest zdolna do dalszego rozszerzenia?<\/em>, Warszawa 2007<\/li>\n\n\n\n<li><em>Europe After Enlargement 2004<\/em>, (red.), \u0141\u00f3d\u017a University Press 2007<\/li>\n\n\n\n<li><em>Obywatelstwo europejskie w kontek\u015bcie cz\u0142onkostwa Polski w Unii Europejskiej<\/em>, Wydawnictwo Uniwersytetu \u0141\u00f3dzkiego 2005.<\/li>\n\n\n\n<li><em>Changing Europe<\/em>, (wsp\u00f3\u0142autorstwo), Routledge, London-New York 2002.<\/li>\n\n\n\n<li>&nbsp;<em>National and ethnic identity in the European Context<\/em>, (wsp\u00f3\u0142autorstwo), \u0141\u00f3d\u017a University Press 2001.<\/li>\n\n\n\n<li><em>Integracja europejska w dobie postmodernizmu<\/em>, Wydawnictwo Uniwersytetu im. A. Mickiewicza Pozna\u0144, 1998.<\/li>\n\n\n\n<li><em>Od stowarzyszenia do cz\u0142onkostwa<\/em>, (red.), Instytut Europejski, \u0141\u00f3d\u017a 1998<\/li>\n<\/ul>\n\n\n\n<figure class=\"wp-block-image size-full\"><img loading=\"lazy\" decoding=\"async\" width=\"188\" height=\"268\" src=\"https:\/\/wpia.uksw.edu.pl\/wp-content\/uploads\/sites\/10\/2023\/02\/Europe-in-the-Time.jpg\" alt=\"ok\u0142adka\" class=\"wp-image-27825\" srcset=\"https:\/\/wydzialy.uksw.edu.pl\/wp-content\/uploads\/sites\/10\/2023\/02\/Europe-in-the-Time.jpg 188w, https:\/\/wydzialy.uksw.edu.pl\/wp-content\/uploads\/sites\/10\/2023\/02\/Europe-in-the-Time-140x201.jpg 140w\" sizes=\"auto, (max-width: 188px) 100vw, 188px\" \/><\/figure>\n\n\n\n<p><strong>Dr Mariusz Maszkiewicz<\/strong><\/p>\n\n\n\n<p>Graduated from Philosophy- History Faculty of the Jagiellonian&nbsp; University in Cracow, when defended his Ph. D. thesis in 1993. Since 1990 in the Ministry of the Foreign Affairs. Charge d?Affaires in Lithuania (1991-1994), General Consul in Hrodna (1994-1997), Ambasador in Belarus (1998-2002). Since 2007 works in the Institute of the International Relations of UKSW. Reading lectures at the East European Studies Institute of Warsaw University.<\/p>\n\n\n\n<p><strong><u>Subject:<\/u><\/strong><\/p>\n\n\n\n<ul class=\"wp-block-list\">\n<li>External policy of the EU<\/li>\n\n\n\n<li>Polish Eastern Policy<\/li>\n\n\n\n<li>Philosophy of politics<\/li>\n<\/ul>\n\n\n\n<p><strong><u>Research areas:<\/u><\/strong><\/p>\n\n\n\n<ul class=\"wp-block-list\">\n<li>Eastern Europe and the Polish Eastern Policy<\/li>\n\n\n\n<li>External Relations of the EU<\/li>\n\n\n\n<li>Polish political thought and political strategies in the XX and XXI age.<\/li>\n<\/ul>\n\n\n\n<p><strong><u>Books :<\/u><\/strong><\/p>\n\n\n\n<ul class=\"wp-block-list\">\n<li><em>Ukraina i polska polityka wschodnia<\/em>( w j\u0119zyku ukrai\u0144skim) , Kij\u00f3w 2015;<\/li>\n\n\n\n<li><em>Mi\u0119dzy bezpiecze\u0144stwem a to\u017csamo\u015bci\u0105<\/em>, Wroc\u0142aw 2013;<\/li>\n\n\n\n<li><em>Belarus ? towards a United Europe<\/em>(red.), Wroc\u0142aw 2009;<\/li>\n\n\n\n<li><em>Bia\u0142oru\u015b ? zesp\u00f3\u0142 ukrytego paradoksu<\/em>, POU, Warszawa-Krak\u00f3w-Legnica, 2008;<\/li>\n\n\n\n<li><em>Mistyka i rewolucja<\/em>, Krak\u00f3w 1995<\/li>\n<\/ul>\n","protected":false},"excerpt":{"rendered":"<p>The European Chair&nbsp; Dr hab. Stanis\u0142aw Konopacki, prof. UKSW Jean Monnet Chair at the University of \u0141\u00f3d\u017a. Author of many books on:&nbsp;Poland in a Drifting Europe,&nbsp;The End of Europe,&nbsp;Union Citizenship in the Context of Poland&#8217;s Accession to the EU, and&nbsp;European Integration and Postmodernism. He is also the coauthor of&nbsp;Changing Europeand&nbsp;National and Ethnic Identity in the [&hellip;]<\/p>\n","protected":false},"author":20,"featured_media":0,"parent":27773,"menu_order":466,"comment_status":"closed","ping_status":"closed","template":"page-templates\/template-sub-page.php","meta":{"_acf_changed":false,"inline_featured_image":false,"footnotes":"","_links_to":"","_links_to_target":""},"class_list":["post-27815","page","type-page","status-publish","hentry"],"acf":[],"_links":{"self":[{"href":"https:\/\/wpia.uksw.edu.pl\/en\/wp-json\/wp\/v2\/pages\/27815","targetHints":{"allow":["GET"]}}],"collection":[{"href":"https:\/\/wpia.uksw.edu.pl\/en\/wp-json\/wp\/v2\/pages"}],"about":[{"href":"https:\/\/wpia.uksw.edu.pl\/en\/wp-json\/wp\/v2\/types\/page"}],"author":[{"embeddable":true,"href":"https:\/\/wpia.uksw.edu.pl\/en\/wp-json\/wp\/v2\/users\/20"}],"replies":[{"embeddable":true,"href":"https:\/\/wpia.uksw.edu.pl\/en\/wp-json\/wp\/v2\/comments?post=27815"}],"version-history":[{"count":2,"href":"https:\/\/wpia.uksw.edu.pl\/en\/wp-json\/wp\/v2\/pages\/27815\/revisions"}],"predecessor-version":[{"id":27828,"href":"https:\/\/wpia.uksw.edu.pl\/en\/wp-json\/wp\/v2\/pages\/27815\/revisions\/27828"}],"up":[{"embeddable":true,"href":"https:\/\/wpia.uksw.edu.pl\/en\/wp-json\/wp\/v2\/pages\/27773"}],"wp:attachment":[{"href":"https:\/\/wpia.uksw.edu.pl\/en\/wp-json\/wp\/v2\/media?parent=27815"}],"curies":[{"name":"wp","href":"https:\/\/api.w.org\/{rel}","templated":true}]}}