{"id":27817,"date":"2023-02-21T15:51:02","date_gmt":"2023-02-21T14:51:02","guid":{"rendered":"http:\/\/wydzialy.uksw.edu.pl\/wpia\/structure-of-the-faculty\/institute-of-international-law-european-union-and-international-relations\/department-of-human-rights-protection-and-international-humanitarian-law\/"},"modified":"2023-02-21T16:05:11","modified_gmt":"2023-02-21T15:05:11","slug":"department-of-human-rights-protection-and-international-humanitarian-law","status":"publish","type":"page","link":"https:\/\/wpia.uksw.edu.pl\/en\/structure-of-the-faculty\/institute-of-international-law-european-union-and-international-relations\/department-of-human-rights-protection-and-international-humanitarian-law\/","title":{"rendered":"Department of Human Rights Protection and International Humanitarian Law"},"content":{"rendered":"\n<p><strong>DEPARTMENT OF HUMAN RIGHTS PROTECTION AND INTERNATIONAL HUMANITARIAN LAW<\/strong><\/p>\n\n\n\n<p><strong>Our&nbsp;team:<\/strong><\/p>\n\n\n\n<ul class=\"wp-block-list\">\n<li>Dr hab. El\u017cbieta Karska, prof. UKSW &#8211; Head of the Department<\/li>\n\n\n\n<li>Dr hab. El\u017cbieta Morawska, prof. UKSW<\/li>\n\n\n\n<li>Dr Jakub Czepek<\/li>\n\n\n\n<li>Dr Katarzyna Grzelak-Bach<\/li>\n\n\n\n<li>Mgr Katarzyna Ga\u0142ka<\/li>\n<\/ul>\n\n\n\n<ul class=\"wp-block-list\">\n<li>Mgr Bart\u0142omiej Or\u0119ziak &#8211; PhD student<\/li>\n\n\n\n<li>Maria Skwarcan &#8211; PhD Student<\/li>\n<\/ul>\n\n\n\n<p>The Department&#8217;s research covers human rights and systems of their protection in both &#8211; international and domestic dimensions. A special focus is given to the system of the Council of Europe. Research adresses i.a. child protection (including children in armed conflicts), non-state actors and human rights, the law of armed conflict, international criminal law, international adjudication.<\/p>\n\n\n\n<p>Since 2008 the Department, in cooperation with the Department of Human Rights of the Nicolaus Copernicus University, organizes annual conferences on the subject of human rights and international humanitarian law (<em>Warszawsko-Toru\u0144skie Kolokwia Naukowe Praw Cz\u0142owieka i Mi\u0119dzynarodowego Prawa Humanitarnego<\/em>).<\/p>\n\n\n\n<p>It also organizes specialized seminars and conferences. The previous ones were devoted i.a. to child protection in international law; extrateriitorial application of human rights treaties.<\/p>\n\n\n\n<p>The Department publishes its own monographic series entitled&nbsp;<em>Prawa Cz\u0142owieka i Prawo Mi\u0119dzynarodowe&nbsp;<\/em>(Human Rights and International Law) edited by dr hab. El\u017cbieta Karska, prof. UKSW.<\/p>\n\n\n\n<p>For further details please consult other sections of the website (in Polish).<\/p>\n\n\n\n<p>If you wish to contact the Department, please email to Ms. Katarzyna Ga\u0142ka (<a href=\"mailto:k.galka@uksw.edu.pl\">k.galka@uksw.edu.pl<\/a>) or to the members of our team directly (e-mail adresses are available in the section: O katedrze ).<\/p>\n","protected":false},"excerpt":{"rendered":"<p>DEPARTMENT OF HUMAN RIGHTS PROTECTION AND INTERNATIONAL HUMANITARIAN LAW Our&nbsp;team: The Department&#8217;s research covers human rights and systems of their protection in both &#8211; international and domestic dimensions. A special focus is given to the system of the Council of Europe. Research adresses i.a. child protection (including children in armed conflicts), non-state actors and human [&hellip;]<\/p>\n","protected":false},"author":20,"featured_media":0,"parent":27773,"menu_order":468,"comment_status":"closed","ping_status":"closed","template":"page-templates\/template-sub-page.php","meta":{"_acf_changed":false,"inline_featured_image":false,"footnotes":"","_links_to":"","_links_to_target":""},"class_list":["post-27817","page","type-page","status-publish","hentry"],"acf":[],"_links":{"self":[{"href":"https:\/\/wpia.uksw.edu.pl\/en\/wp-json\/wp\/v2\/pages\/27817","targetHints":{"allow":["GET"]}}],"collection":[{"href":"https:\/\/wpia.uksw.edu.pl\/en\/wp-json\/wp\/v2\/pages"}],"about":[{"href":"https:\/\/wpia.uksw.edu.pl\/en\/wp-json\/wp\/v2\/types\/page"}],"author":[{"embeddable":true,"href":"https:\/\/wpia.uksw.edu.pl\/en\/wp-json\/wp\/v2\/users\/20"}],"replies":[{"embeddable":true,"href":"https:\/\/wpia.uksw.edu.pl\/en\/wp-json\/wp\/v2\/comments?post=27817"}],"version-history":[{"count":1,"href":"https:\/\/wpia.uksw.edu.pl\/en\/wp-json\/wp\/v2\/pages\/27817\/revisions"}],"predecessor-version":[{"id":27830,"href":"https:\/\/wpia.uksw.edu.pl\/en\/wp-json\/wp\/v2\/pages\/27817\/revisions\/27830"}],"up":[{"embeddable":true,"href":"https:\/\/wpia.uksw.edu.pl\/en\/wp-json\/wp\/v2\/pages\/27773"}],"wp:attachment":[{"href":"https:\/\/wpia.uksw.edu.pl\/en\/wp-json\/wp\/v2\/media?parent=27817"}],"curies":[{"name":"wp","href":"https:\/\/api.w.org\/{rel}","templated":true}]}}