{"id":28237,"date":"2022-08-05T10:08:24","date_gmt":"2022-08-05T08:08:24","guid":{"rendered":"http:\/\/wydzialy.uksw.edu.pl\/wpia\/?page_id=28237"},"modified":"2023-02-22T13:30:03","modified_gmt":"2023-02-22T12:30:03","slug":"contact-webform","status":"publish","type":"page","link":"https:\/\/wpia.uksw.edu.pl\/en\/contact-webform\/","title":{"rendered":"Contact"},"content":{"rendered":"\n<h2 class=\"wp-block-heading\">Campus<\/h2>\n\n\n\n<div class=\"wp-block-media-text alignwide is-stacked-on-mobile\" style=\"grid-template-columns:45% auto\"><figure class=\"wp-block-media-text__media\"><img loading=\"lazy\" decoding=\"async\" width=\"960\" height=\"397\" src=\"https:\/\/wpia.uksw.edu.pl\/wp-content\/uploads\/sites\/10\/2023\/02\/woycickiego.png\" alt=\"map\" class=\"wp-image-28258 size-full\" srcset=\"https:\/\/wydzialy.uksw.edu.pl\/wp-content\/uploads\/sites\/10\/2023\/02\/woycickiego.png 960w, https:\/\/wydzialy.uksw.edu.pl\/wp-content\/uploads\/sites\/10\/2023\/02\/woycickiego-300x124.png 300w, https:\/\/wydzialy.uksw.edu.pl\/wp-content\/uploads\/sites\/10\/2023\/02\/woycickiego-768x318.png 768w\" sizes=\"auto, (max-width: 960px) 100vw, 960px\" \/><\/figure><div class=\"wp-block-media-text__content\">\n<p><strong>The Campus of&nbsp; Ks. Prof.&nbsp; Ryszard Rumianek at W\u00f3ycickiego Street &#8211; Warsaw<\/strong><\/p>\n\n\n\n<p>The Campus with &nbsp;the area of 5,2 h is located between the streets: \u017bubrowa, Balaton, W\u00f3ycickiego and Samog\u0142oski. Here, precisely the building of Law and Administration is situated ( no.17) with the &nbsp;departments and faculties. Nearby is the building of the Auditorium Maximum (no.21) which is the largest and most representative and where most lectures and classes are held. The building has four floors and one underground floor. The usable floorage of premises equals 3600 square meters. On the groud floor there is an assembly hall for up to 600 students, an internet room, bookstore, restaurant, cloakrooms and admistrative &#8211; technical premises. On the remaining floors are additional didactic rooms\/halls.<\/p>\n<\/div><\/div>\n\n\n\n<div style=\"height:60px\" aria-hidden=\"true\" class=\"wp-block-spacer\"><\/div>\n\n\n\n<div class=\"wp-block-columns\">\n<div class=\"wp-block-column\">\n<figure class=\"wp-block-image size-large is-resized\"><img loading=\"lazy\" decoding=\"async\" src=\"https:\/\/wpia.uksw.edu.pl\/wp-content\/uploads\/sites\/10\/2023\/02\/Auditorium-Maximum_-_do_Internetu-1024x379.jpg\" alt=\"campus\" class=\"wp-image-28264\" width=\"768\" height=\"277\"\/><\/figure>\n<\/div>\n\n\n\n<div class=\"wp-block-column\">\n<figure class=\"wp-block-image size-large is-resized\"><img loading=\"lazy\" decoding=\"async\" src=\"https:\/\/wpia.uksw.edu.pl\/wp-content\/uploads\/sites\/10\/2023\/02\/Auditorium_Maximum_od_tylu_A4-1024x369.jpg\" alt=\"campus\" class=\"wp-image-28267\" width=\"768\" height=\"284\"\/><\/figure>\n<\/div>\n<\/div>\n\n\n\n<p>At (M\u0142ociny) Campus there is also the building of Historical and Social Science Faculty (no. 23), the building of Pedagogical Science Faculty (no.15), as well as the Central Laboratory of Natural Science &#8211; a place with specialistic laboratories for students of chemistry, physics and biology.<\/p>\n\n\n\n<p><strong>A special place &#8211;\u00a0<a href=\"http:\/\/www.da.uksw.edu.pl\/kampus-mlociny\/\">The Church<\/a>\u00a0(of the University).\u00a0<\/strong><\/p>\n\n\n\n<div class=\"wp-block-media-text alignwide is-stacked-on-mobile\" style=\"grid-template-columns:20% auto\"><figure class=\"wp-block-media-text__media\"><img loading=\"lazy\" decoding=\"async\" width=\"275\" height=\"183\" src=\"https:\/\/wpia.uksw.edu.pl\/wp-content\/uploads\/sites\/10\/2023\/02\/kosciol.jpg\" alt=\"church\" class=\"wp-image-28277 size-full\" srcset=\"https:\/\/wydzialy.uksw.edu.pl\/wp-content\/uploads\/sites\/10\/2023\/02\/kosciol.jpg 275w, https:\/\/wydzialy.uksw.edu.pl\/wp-content\/uploads\/sites\/10\/2023\/02\/kosciol-251x168.jpg 251w\" sizes=\"auto, (max-width: 275px) 100vw, 275px\" \/><\/figure><div class=\"wp-block-media-text__content\">\n<p>In compliance with the request of professors and students the St. Jozef&#8217;s church was built at the Campus (M\u0142ociny) &#8211; W\u00f3ycickiego Street. It was founded due to the generosity of private contributors and is situated in a central place, nearby there is an obelisk with a plate commemorating ks. prof. Ryszard Rumianek the rector of UKSW.<\/p>\n<\/div><\/div>\n\n\n\n<hr class=\"wp-block-separator has-alpha-channel-opacity\"\/>\n\n\n\n<h2 class=\"wp-block-heading\">How to get to UKSW<\/h2>\n\n\n\n<div class=\"wp-block-media-text alignwide is-stacked-on-mobile\" style=\"grid-template-columns:41% auto\"><figure class=\"wp-block-media-text__media\"><img loading=\"lazy\" decoding=\"async\" width=\"1024\" height=\"695\" src=\"https:\/\/wpia.uksw.edu.pl\/wp-content\/uploads\/sites\/10\/2023\/02\/kampus_0-1024x695.jpg\" alt=\"map\" class=\"wp-image-28283 size-full\" srcset=\"https:\/\/wydzialy.uksw.edu.pl\/wp-content\/uploads\/sites\/10\/2023\/02\/kampus_0-1024x695.jpg 1024w, https:\/\/wydzialy.uksw.edu.pl\/wp-content\/uploads\/sites\/10\/2023\/02\/kampus_0-300x204.jpg 300w, https:\/\/wydzialy.uksw.edu.pl\/wp-content\/uploads\/sites\/10\/2023\/02\/kampus_0-768x521.jpg 768w, https:\/\/wydzialy.uksw.edu.pl\/wp-content\/uploads\/sites\/10\/2023\/02\/kampus_0.jpg 1200w\" sizes=\"auto, (max-width: 1024px) 100vw, 1024px\" \/><\/figure><div class=\"wp-block-media-text__content\">\n<p><strong>Fr. Rumianek Campus<\/strong>\u00a0<\/p>\n\n\n\n<p><strong>W\u00f3ycickiego street 1\/3<\/strong><\/p>\n\n\n\n<p><strong>Faculty Building no. 17<\/strong>\u00a0<\/p>\n\n\n\n<p><strong>You can reach the Campus by bus:<\/strong><\/p>\n\n\n\n<ul class=\"wp-block-list\">\n<li>No.&nbsp;<a href=\"http:\/\/www.ztm.waw.pl\/rozklad_nowy.php?c=182&amp;q=181&amp;l=2\">181<\/a>&nbsp;(bus stop \u017bubrowa-UKSW)<\/li>\n\n\n\n<li>No.&nbsp;<a href=\"http:\/\/www.ztm.waw.pl\/rozklad_nowy.php?c=182&amp;q=114&amp;l=2\">114&nbsp;<\/a>(bus stop \u017bubrowa-UKSW or M\u0142ociny-UKSW)<\/li>\n\n\n\n<li>No.&nbsp;<a href=\"http:\/\/www.ztm.waw.pl\/rozklad_nowy.php?c=182&amp;q=303&amp;l=2\">303&nbsp;<\/a>(bus stop \u017bubrowa-UKSW)<\/li>\n<\/ul>\n\n\n\n<p>How to get to UKSW &gt;&gt;<a href=\"http:\/\/warszawa.jakdojade.pl\/?tn=Uniwersytet%20S.%20Wyszy%C5%84skiego&amp;td=%3Cb%3EUNIWERSYTET%20KARDYNA%C5%81A%20STEFANA%20WYSZY%C5%83SKIEGO%3C\/b%3E%20%3Cbr\/%3E%0AUl.%20W%C3%B3ycickiego%201\/3%20&amp;tc=52.31226:20.9166&amp;cid=3&amp;locale=en\">&nbsp;link to the system JakDojade.pl<\/a><\/p>\n<\/div><\/div>\n\n\n\n<hr class=\"wp-block-separator has-alpha-channel-opacity\"\/>\n\n\n\n<h2 class=\"wp-block-heading\">Contact &#8211; webform<\/h2>\n\n\n\n<p>Korzystanie ze strony oznacza zgod\u0119 na przetwarzanie danych osobowych w zakresie celu tego formularza. Informacja o ochronie danych osobowych (RODO)<\/p>\n\n\n\n<div class=\"wp-block-columns\">\n<div class=\"wp-block-column\"><p class=\"wpcf7-contact-form-not-found\"><strong>Error:<\/strong> Contact form not found.<\/p>\n<\/div>\n\n\n\n<div class=\"wp-block-column\"><\/div>\n<\/div>\n","protected":false},"excerpt":{"rendered":"<p>Campus The Campus of&nbsp; Ks. Prof.&nbsp; Ryszard Rumianek at W\u00f3ycickiego Street &#8211; Warsaw The Campus with &nbsp;the area of 5,2 h is located between the streets: \u017bubrowa, Balaton, W\u00f3ycickiego and Samog\u0142oski. Here, precisely the building of Law and Administration is situated ( no.17) with the &nbsp;departments and faculties. Nearby is the building of the Auditorium [&hellip;]<\/p>\n","protected":false},"author":20,"featured_media":30910,"parent":0,"menu_order":0,"comment_status":"closed","ping_status":"closed","template":"page-templates\/template-standerd-page.php","meta":{"_acf_changed":false,"inline_featured_image":false,"footnotes":"","_links_to":"","_links_to_target":""},"class_list":["post-28237","page","type-page","status-publish","has-post-thumbnail","hentry"],"acf":[],"_links":{"self":[{"href":"https:\/\/wpia.uksw.edu.pl\/en\/wp-json\/wp\/v2\/pages\/28237","targetHints":{"allow":["GET"]}}],"collection":[{"href":"https:\/\/wpia.uksw.edu.pl\/en\/wp-json\/wp\/v2\/pages"}],"about":[{"href":"https:\/\/wpia.uksw.edu.pl\/en\/wp-json\/wp\/v2\/types\/page"}],"author":[{"embeddable":true,"href":"https:\/\/wpia.uksw.edu.pl\/en\/wp-json\/wp\/v2\/users\/20"}],"replies":[{"embeddable":true,"href":"https:\/\/wpia.uksw.edu.pl\/en\/wp-json\/wp\/v2\/comments?post=28237"}],"version-history":[{"count":34,"href":"https:\/\/wpia.uksw.edu.pl\/en\/wp-json\/wp\/v2\/pages\/28237\/revisions"}],"predecessor-version":[{"id":28289,"href":"https:\/\/wpia.uksw.edu.pl\/en\/wp-json\/wp\/v2\/pages\/28237\/revisions\/28289"}],"wp:featuredmedia":[{"embeddable":true,"href":"https:\/\/wpia.uksw.edu.pl\/en\/wp-json\/wp\/v2\/media\/30910"}],"wp:attachment":[{"href":"https:\/\/wpia.uksw.edu.pl\/en\/wp-json\/wp\/v2\/media?parent=28237"}],"curies":[{"name":"wp","href":"https:\/\/api.w.org\/{rel}","templated":true}]}}